{"id":14,"date":"2023-10-08T16:38:19","date_gmt":"2023-10-08T14:38:19","guid":{"rendered":"https:\/\/antisexistischersupportjena.blackblogs.org\/?page_id=14"},"modified":"2025-07-08T13:11:15","modified_gmt":"2025-07-08T11:11:15","slug":"ueber-uns","status":"publish","type":"page","link":"https:\/\/antisexistischersupportjena.noblogs.org\/","title":{"rendered":"\u00dcber Uns"},"content":{"rendered":"\n<p>Wir, der Antisexistische Support Jena (ASJ), sind aus dem Prozessplenum hervorgegangen, einer Vernetzung zur Problematik sexueller\/ sexualisierter Gewalt, die in Reaktion auf die <a href=\"https:\/\/dasschlechtegewissen.noblogs.org\/chronik\/\" target=\"_blank\" rel=\"noreferrer noopener\">Outcalls seit August 2020 in der linken Szene in Th\u00fcringen<\/a> gegr\u00fcndet wurde. Das Ziel war die Suche nach langfristigen und betroffenensolidarischen Umgangsformen in der linken Szene. Hieraus ergaben sich verschiedene Bedarfe. Im Rahmen dieser Struktur haben wir uns als Unterst\u00fctzungs-AG gegr\u00fcndet. Das Ergebnis dieser Arbeit ist der ASJ, dessen Ziel es ist, von sexualisierter Gewalt betroffene Personen sowie deren solidarische Umfelder auf Wunsch zu unterst\u00fctzen und zu begleiten.<\/p>\n\n\n\n<p>Wir sind eine <a href=\"https:\/\/antisexistischersupportjena.noblogs.org\/?page_id=27#endo\" target=\"_blank\" rel=\"noreferrer noopener\">endo<\/a> gemischtgeschlechtliche Gruppe und sehen, h\u00f6ren und wissen, dass Sexismus, Queerfeindlichkeit und sexualisierte Gewalt auch in linken, queeren und\/ oder feministischen Bubbles existieren.<\/p>\n\n\n\n<p>Dem wollen wir als szene\u00fcbergreifende Unterst\u00fctzungsstruktur etwas entgegenstellen. Unser Angebot richtet sich an alle Personen, die von sexualisierter und\/ oder Gewalt im Geschlechterverh\u00e4ltnis betroffen sind.<\/p>\n\n\n\n<p>Unser <a href=\"https:\/\/antisexistischersupportjena.noblogs.org\/?page_id=21\" target=\"_blank\" rel=\"noreferrer noopener\">Unterst\u00fctzungsangebot<\/a> richtet sich daher an alle von solcher Gewalt betroffenen Personen, insbesondere an jene, deren Geschlecht oder Sexualit\u00e4t marginalisiert wird. Dies beinhaltet alle von Sexismus, Trans*feindlichkeit, Inter*feindlichkeit, Enby-Feindlichkeit oder Queerfeindlichkeit betroffenen Personen.<\/p>\n\n\n\n<p>Wenn ihr unsicher seid, ob ihr bei uns richtig seid und ob das, was euch widerfahren ist, sexualisierte Gewalt ist, meldet euch gern bei uns.<\/p>\n\n\n\n<p>Wenn ihr Menschen in eurem Umfeld, in eurer Polit-Struktur oder eurer Gruppe kennt, die Unterst\u00fctzung brauchen, verweist sie gerne an uns oder stellt \u2013 abgesprochen! \u2013 Kontakt her.<\/p>\n\n\n\n<p>Solltet Ihr f\u00fcr eine oder mehrere betroffene Personen Unterst\u00fctzung leisten, k\u00f6nnt Ihr Euch auch gerne, in R\u00fccksprache mit der\/ den entsprechenden Personen, bei uns melden.<\/p>\n\n\n\n<p>Unsere Haltung l\u00e4sst sich als parteilich mit Betroffenen beschreiben. Zentral f\u00fcr uns ist das Konzept von Definitionsmacht, aus dem wir aber keine Handlungsverantwortung ableiten. Genauer findet ihr das <a href=\"https:\/\/antisexistischersupportjena.noblogs.org\/?page_id=22#unserehaltung\" target=\"_blank\" rel=\"noreferrer noopener\">hier<\/a>, in unserem Selbstverst\u00e4ndnis, als Haltung ausformuliert.<\/p>\n\n\n\n<p>Unser Unterst\u00fctzungsangebot ist nicht professionalisiert. Dennoch legen wir f\u00fcr unsere Arbeit Standards an. Handlungsabl\u00e4ufe in Unterst\u00fctzungsprozessen werden transparent gestaltet. In den Begleit-Prozessen gibt es immer Raum f\u00fcr Kritik und Beschwerden. Daf\u00fcr gibt es neben unserer Gruppe mit dem <a href=\"https:\/\/antisexistischersupporterfurt.noblogs.org\/\" target=\"_blank\" rel=\"noreferrer noopener\">Antisexistischen Support Erfurt (ASEblack) auch eine externe Kontaktoption<\/a>.<\/p>\n\n\n\n<p><\/p>\n","protected":false},"excerpt":{"rendered":"<p>Wir, der Antisexistische Support Jena (ASJ), sind aus dem Prozessplenum hervorgegangen, einer Vernetzung zur Problematik sexueller\/ sexualisierter Gewalt, die in Reaktion auf die Outcalls seit August 2020 in der linken Szene in Th\u00fcringen gegr\u00fcndet wurde. Das Ziel war die Suche nach langfristigen und betroffenensolidarischen Umgangsformen in der linken Szene. Hieraus ergaben sich verschiedene Bedarfe. Im &hellip; <a href=\"https:\/\/antisexistischersupportjena.noblogs.org\/\" class=\"more-link\"><span class=\"screen-reader-text\">\u201e\u00dcber Uns\u201c <\/span>weiterlesen<\/a><\/p>\n","protected":false},"author":18516,"featured_media":0,"parent":0,"menu_order":0,"comment_status":"closed","ping_status":"closed","template":"","meta":{"_locale":"de_DE","_original_post":"https:\/\/antisexistischersupportjena.blackblogs.org\/?page_id=14","footnotes":""},"class_list":["post-14","page","type-page","status-publish","hentry","de-DE"],"_links":{"self":[{"href":"https:\/\/antisexistischersupportjena.noblogs.org\/index.php?rest_route=\/wp\/v2\/pages\/14","targetHints":{"allow":["GET"]}}],"collection":[{"href":"https:\/\/antisexistischersupportjena.noblogs.org\/index.php?rest_route=\/wp\/v2\/pages"}],"about":[{"href":"https:\/\/antisexistischersupportjena.noblogs.org\/index.php?rest_route=\/wp\/v2\/types\/page"}],"author":[{"embeddable":true,"href":"https:\/\/antisexistischersupportjena.noblogs.org\/index.php?rest_route=\/wp\/v2\/users\/18516"}],"replies":[{"embeddable":true,"href":"https:\/\/antisexistischersupportjena.noblogs.org\/index.php?rest_route=%2Fwp%2Fv2%2Fcomments&post=14"}],"version-history":[{"count":3,"href":"https:\/\/antisexistischersupportjena.noblogs.org\/index.php?rest_route=\/wp\/v2\/pages\/14\/revisions"}],"predecessor-version":[{"id":222,"href":"https:\/\/antisexistischersupportjena.noblogs.org\/index.php?rest_route=\/wp\/v2\/pages\/14\/revisions\/222"}],"wp:attachment":[{"href":"https:\/\/antisexistischersupportjena.noblogs.org\/index.php?rest_route=%2Fwp%2Fv2%2Fmedia&parent=14"}],"curies":[{"name":"wp","href":"https:\/\/api.w.org\/{rel}","templated":true}]}}