{"id":21,"date":"2023-10-08T16:41:12","date_gmt":"2023-10-08T14:41:12","guid":{"rendered":"https:\/\/antisexistischersupportjena.blackblogs.org\/?page_id=21"},"modified":"2025-06-30T17:14:01","modified_gmt":"2025-06-30T15:14:01","slug":"du-suchst-unterstuetzung","status":"publish","type":"page","link":"https:\/\/antisexistischersupportjena.noblogs.org\/?page_id=21","title":{"rendered":"Du suchst Unterst\u00fctzung?"},"content":{"rendered":"\n<p>Sch\u00f6n, dass Du uns gefunden hast.<\/p>\n\n\n\n<p>Wenn Du sexualisierte Gewalt erlebt hast und Unterst\u00fctzung brauchst oder willst \u2013 oder vielleicht nicht genau wei\u00dft, wo Du Dich hinwenden kannst \u2013 schreib uns gern.<br>Wenn Du eine betroffene Person unterst\u00fctzen m\u00f6chtest, melde Dich gerne, bitte in Absprache mit dieser.<br>Auch wenn Du Dir nicht sicher bist, ob Du sexualisierte Gewalt erlebt hast, melde Dich gerne bei uns.<\/p>\n\n\n\n<p>Sexualisierte Gewalt kann vieles sein \u2013 Blicke, Spr\u00fcche, k\u00f6rperliche Gewalt \u2013 weshalb wir hier keine abschlie\u00dfende Definition geben. Stattdessen orientieren wir uns an Definitionsmacht \u2013 also Deiner Deutungshoheit dar\u00fcber, was Du \u00fcb_erlebt hast. Auch das Zusammenwirken mit Machtverh\u00e4ltnissen und Unterdr\u00fcckungen nehmen wir ernst, d.h. die Verwobenheit verschiedener Betroffenheiten, wie beispielsweise Sexismus, Trans*feindlichkeit, Homofeindlichkeit oder Behindertenfeindlichkeit.<\/p>\n\n\n\n<p>Wir k\u00f6nnen Dich gerne im Gespr\u00e4ch, bei der Suche nach anderen passenden Anlaufstellen, im Umgang mit deinem Umfeld unterst\u00fctzen \u2013 oder auch bei ganz anderem, je nachdem, was Du brauchst.<\/p>\n\n\n\n<p>Du findest <a href=\"https:\/\/antisexistischersupportjena.noblogs.org\/?page_id=24\" target=\"_blank\" rel=\"noreferrer noopener\">hier auch weitere Anlaufstellen<\/a>.<\/p>\n\n\n\n<h2 class=\"wp-block-heading\">Was bedeutet Unterst\u00fctzung?<\/h2>\n\n\n\n<p>Wir m\u00f6chten Dich als ratsuchende Person inhaltlich kompetent und emotional stabilisierend beraten und unterst\u00fctzen.<br>Unterst\u00fctzung kann alles bedeuten, was Du als Unterst\u00fctzung empfindest. Ein Ziel kann es sein, Dich vor re-traumatisierenden Erfahrungen und Gespr\u00e4chen zu sch\u00fctzen bzw. auf unangenehme Situationen vorzubereiten, die in verschiedenen Kontexten auftreten k\u00f6nnen.<\/p>\n\n\n\n<p>Desweiteren wollen wir unterst\u00fctzend wirken, Dich sicher(er) in szene\u00f6ffentlichem R\u00e4umen bewegen zu k\u00f6nnen.<\/p>\n\n\n\n<p>Unterst\u00fctzung kann auch bedeuten, Dich als ratsuchende Person dabei zu supporten, Unterst\u00fctzungsstrukturen zu bilden oder auch bereits bestehenden Unterst\u00fctzungsstrukturen beratend zur Seite stehen.<\/p>\n","protected":false},"excerpt":{"rendered":"<p>Sch\u00f6n, dass Du uns gefunden hast. Wenn Du sexualisierte Gewalt erlebt hast und Unterst\u00fctzung brauchst oder willst \u2013 oder vielleicht nicht genau wei\u00dft, wo Du Dich hinwenden kannst \u2013 schreib uns gern.Wenn Du eine betroffene Person unterst\u00fctzen m\u00f6chtest, melde Dich gerne, bitte in Absprache mit dieser.Auch wenn Du Dir nicht sicher bist, ob Du sexualisierte &hellip; <a href=\"https:\/\/antisexistischersupportjena.noblogs.org\/?page_id=21\" class=\"more-link\"><span class=\"screen-reader-text\">\u201eDu suchst Unterst\u00fctzung?\u201c <\/span>weiterlesen<\/a><\/p>\n","protected":false},"author":18516,"featured_media":0,"parent":0,"menu_order":0,"comment_status":"closed","ping_status":"closed","template":"","meta":{"_locale":"de_DE","_original_post":"https:\/\/antisexistischersupportjena.blackblogs.org\/?page_id=21","footnotes":""},"class_list":["post-21","page","type-page","status-publish","hentry","de-DE"],"_links":{"self":[{"href":"https:\/\/antisexistischersupportjena.noblogs.org\/index.php?rest_route=\/wp\/v2\/pages\/21","targetHints":{"allow":["GET"]}}],"collection":[{"href":"https:\/\/antisexistischersupportjena.noblogs.org\/index.php?rest_route=\/wp\/v2\/pages"}],"about":[{"href":"https:\/\/antisexistischersupportjena.noblogs.org\/index.php?rest_route=\/wp\/v2\/types\/page"}],"author":[{"embeddable":true,"href":"https:\/\/antisexistischersupportjena.noblogs.org\/index.php?rest_route=\/wp\/v2\/users\/18516"}],"replies":[{"embeddable":true,"href":"https:\/\/antisexistischersupportjena.noblogs.org\/index.php?rest_route=%2Fwp%2Fv2%2Fcomments&post=21"}],"version-history":[{"count":1,"href":"https:\/\/antisexistischersupportjena.noblogs.org\/index.php?rest_route=\/wp\/v2\/pages\/21\/revisions"}],"predecessor-version":[{"id":193,"href":"https:\/\/antisexistischersupportjena.noblogs.org\/index.php?rest_route=\/wp\/v2\/pages\/21\/revisions\/193"}],"wp:attachment":[{"href":"https:\/\/antisexistischersupportjena.noblogs.org\/index.php?rest_route=%2Fwp%2Fv2%2Fmedia&parent=21"}],"curies":[{"name":"wp","href":"https:\/\/api.w.org\/{rel}","templated":true}]}}